{"id":1537,"date":"2016-07-21T16:21:52","date_gmt":"2016-07-21T16:21:52","guid":{"rendered":"http:\/\/alvaralice.org\/en\/?page_id=1537"},"modified":"2021-03-18T21:41:39","modified_gmt":"2021-03-18T21:41:39","slug":"somos-pacificos-friends-club%e2%80%8b","status":"publish","type":"page","link":"https:\/\/alvaralice.org\/en\/the-foundation\/somos-pacificos-friends-club%e2%80%8b\/","title":{"rendered":"Somos Pac\u00edfico&#8217;s Friends Club\u200b"},"content":{"rendered":"","protected":false},"excerpt":{"rendered":"","protected":false},"author":2,"featured_media":0,"parent":7,"menu_order":0,"comment_status":"closed","ping_status":"closed","template":"","meta":{"footnotes":""},"class_list":["post-1537","page","type-page","status-publish","hentry"],"acf":[],"yoast_head":"<!-- This site is optimized with the Yoast SEO Premium plugin v20.8 (Yoast SEO v20.8) - https:\/\/yoast.com\/wordpress\/plugins\/seo\/ -->\n<title>Somos Pac\u00edfico&#039;s Friends Club\u200b - Foundation Alvaralice<\/title>\n<meta name=\"robots\" content=\"index, follow, max-snippet:-1, max-image-preview:large, max-video-preview:-1\" \/>\n<link rel=\"canonical\" href=\"https:\/\/alvaralice.org\/en\/the-foundation\/somos-pacificos-friends-club\u200b\/\" \/>\n<meta property=\"og:locale\" content=\"en_US\" \/>\n<meta property=\"og:type\" content=\"article\" \/>\n<meta property=\"og:title\" content=\"Somos Pac\u00edfico&#039;s Friends Club\u200b\" \/>\n<meta property=\"og:url\" content=\"https:\/\/alvaralice.org\/en\/the-foundation\/somos-pacificos-friends-club\u200b\/\" \/>\n<meta property=\"og:site_name\" content=\"Foundation Alvaralice\" \/>\n<meta property=\"article:modified_time\" content=\"2021-03-18T21:41:39+00:00\" \/>\n<meta name=\"twitter:card\" content=\"summary_large_image\" \/>\n<script type=\"application\/ld+json\" class=\"yoast-schema-graph\">{\"@context\":\"https:\/\/schema.org\",\"@graph\":[{\"@type\":\"WebPage\",\"@id\":\"https:\/\/alvaralice.org\/en\/the-foundation\/somos-pacificos-friends-club%e2%80%8b\/\",\"url\":\"https:\/\/alvaralice.org\/en\/the-foundation\/somos-pacificos-friends-club%e2%80%8b\/\",\"name\":\"Somos Pac\u00edfico's Friends Club\u200b - Foundation Alvaralice\",\"isPartOf\":{\"@id\":\"https:\/\/alvaralice.org\/en\/#website\"},\"datePublished\":\"2016-07-21T16:21:52+00:00\",\"dateModified\":\"2021-03-18T21:41:39+00:00\",\"breadcrumb\":{\"@id\":\"https:\/\/alvaralice.org\/en\/the-foundation\/somos-pacificos-friends-club%e2%80%8b\/#breadcrumb\"},\"inLanguage\":\"en-US\",\"potentialAction\":[{\"@type\":\"ReadAction\",\"target\":[\"https:\/\/alvaralice.org\/en\/the-foundation\/somos-pacificos-friends-club%e2%80%8b\/\"]}]},{\"@type\":\"BreadcrumbList\",\"@id\":\"https:\/\/alvaralice.org\/en\/the-foundation\/somos-pacificos-friends-club%e2%80%8b\/#breadcrumb\",\"itemListElement\":[{\"@type\":\"ListItem\",\"position\":1,\"name\":\"Home\",\"item\":\"https:\/\/alvaralice.org\/en\/\"},{\"@type\":\"ListItem\",\"position\":2,\"name\":\"The foundation\",\"item\":\"https:\/\/alvaralice.org\/en\/the-foundation\/\"},{\"@type\":\"ListItem\",\"position\":3,\"name\":\"Somos Pac\u00edfico&#8217;s Friends Club\u200b\"}]},{\"@type\":\"WebSite\",\"@id\":\"https:\/\/alvaralice.org\/en\/#website\",\"url\":\"https:\/\/alvaralice.org\/en\/\",\"name\":\"Foundation Alvaralice\",\"description\":\"La Fundaci\u00f3n Alvaralice es una entidad de car\u00e1cter privado, sin \u00e1nimo de lucro, creada en el 2003 en Cali\",\"potentialAction\":[{\"@type\":\"SearchAction\",\"target\":{\"@type\":\"EntryPoint\",\"urlTemplate\":\"https:\/\/alvaralice.org\/en\/?s={search_term_string}\"},\"query-input\":\"required name=search_term_string\"}],\"inLanguage\":\"en-US\"}]}<\/script>\n<!-- \/ Yoast SEO Premium plugin. -->","yoast_head_json":{"title":"Somos Pac\u00edfico's Friends Club\u200b - Foundation Alvaralice","robots":{"index":"index","follow":"follow","max-snippet":"max-snippet:-1","max-image-preview":"max-image-preview:large","max-video-preview":"max-video-preview:-1"},"canonical":"https:\/\/alvaralice.org\/en\/the-foundation\/somos-pacificos-friends-club\u200b\/","og_locale":"en_US","og_type":"article","og_title":"Somos Pac\u00edfico's Friends Club\u200b","og_url":"https:\/\/alvaralice.org\/en\/the-foundation\/somos-pacificos-friends-club\u200b\/","og_site_name":"Foundation Alvaralice","article_modified_time":"2021-03-18T21:41:39+00:00","twitter_card":"summary_large_image","schema":{"@context":"https:\/\/schema.org","@graph":[{"@type":"WebPage","@id":"https:\/\/alvaralice.org\/en\/the-foundation\/somos-pacificos-friends-club%e2%80%8b\/","url":"https:\/\/alvaralice.org\/en\/the-foundation\/somos-pacificos-friends-club%e2%80%8b\/","name":"Somos Pac\u00edfico's Friends Club\u200b - Foundation Alvaralice","isPartOf":{"@id":"https:\/\/alvaralice.org\/en\/#website"},"datePublished":"2016-07-21T16:21:52+00:00","dateModified":"2021-03-18T21:41:39+00:00","breadcrumb":{"@id":"https:\/\/alvaralice.org\/en\/the-foundation\/somos-pacificos-friends-club%e2%80%8b\/#breadcrumb"},"inLanguage":"en-US","potentialAction":[{"@type":"ReadAction","target":["https:\/\/alvaralice.org\/en\/the-foundation\/somos-pacificos-friends-club%e2%80%8b\/"]}]},{"@type":"BreadcrumbList","@id":"https:\/\/alvaralice.org\/en\/the-foundation\/somos-pacificos-friends-club%e2%80%8b\/#breadcrumb","itemListElement":[{"@type":"ListItem","position":1,"name":"Home","item":"https:\/\/alvaralice.org\/en\/"},{"@type":"ListItem","position":2,"name":"The foundation","item":"https:\/\/alvaralice.org\/en\/the-foundation\/"},{"@type":"ListItem","position":3,"name":"Somos Pac\u00edfico&#8217;s Friends Club\u200b"}]},{"@type":"WebSite","@id":"https:\/\/alvaralice.org\/en\/#website","url":"https:\/\/alvaralice.org\/en\/","name":"Foundation Alvaralice","description":"La Fundaci\u00f3n Alvaralice es una entidad de car\u00e1cter privado, sin \u00e1nimo de lucro, creada en el 2003 en Cali","potentialAction":[{"@type":"SearchAction","target":{"@type":"EntryPoint","urlTemplate":"https:\/\/alvaralice.org\/en\/?s={search_term_string}"},"query-input":"required name=search_term_string"}],"inLanguage":"en-US"}]}},"_links":{"self":[{"href":"https:\/\/alvaralice.org\/en\/wp-json\/wp\/v2\/pages\/1537","targetHints":{"allow":["GET"]}}],"collection":[{"href":"https:\/\/alvaralice.org\/en\/wp-json\/wp\/v2\/pages"}],"about":[{"href":"https:\/\/alvaralice.org\/en\/wp-json\/wp\/v2\/types\/page"}],"author":[{"embeddable":true,"href":"https:\/\/alvaralice.org\/en\/wp-json\/wp\/v2\/users\/2"}],"replies":[{"embeddable":true,"href":"https:\/\/alvaralice.org\/en\/wp-json\/wp\/v2\/comments?post=1537"}],"version-history":[{"count":11,"href":"https:\/\/alvaralice.org\/en\/wp-json\/wp\/v2\/pages\/1537\/revisions"}],"predecessor-version":[{"id":3194,"href":"https:\/\/alvaralice.org\/en\/wp-json\/wp\/v2\/pages\/1537\/revisions\/3194"}],"up":[{"embeddable":true,"href":"https:\/\/alvaralice.org\/en\/wp-json\/wp\/v2\/pages\/7"}],"wp:attachment":[{"href":"https:\/\/alvaralice.org\/en\/wp-json\/wp\/v2\/media?parent=1537"}],"curies":[{"name":"wp","href":"https:\/\/api.w.org\/{rel}","templated":true}]}}