{"id":2875,"date":"2020-02-06T12:37:31","date_gmt":"2020-02-06T12:37:31","guid":{"rendered":"https:\/\/alvaralice.org\/en\/?page_id=2875"},"modified":"2020-02-13T21:23:51","modified_gmt":"2020-02-13T21:23:51","slug":"videos-alvaralice","status":"publish","type":"page","link":"https:\/\/alvaralice.org\/en\/multimedia\/videos-alvaralice\/","title":{"rendered":"Videos"},"content":{"rendered":"<p>[vc_row css=&#8221;.vc_custom_1576092427430{margin-top: 2em !important;}&#8221;][vc_column][vc_column_text]<\/p>\n<p style=\"text-align: center;\"><em>Ver todos los v\u00eddeos\u00a0en el canal de Youtube <strong><a href=\"https:\/\/www.youtube.com\/user\/alvaralice1\/videos\" target=\"_blank\" rel=\"noopener noreferrer\">Clic Aqu\u00ed<\/a><\/strong><\/em><\/p>\n<p>[\/vc_column_text][\/vc_column][\/vc_row][vc_row][vc_column width=&#8221;1\/4&#8243;][vc_video link=&#8221;https:\/\/www.youtube.com\/watch?v=Mci0I0pQHKU&#8221;][\/vc_column][vc_column width=&#8221;1\/4&#8243;][vc_video link=&#8221;https:\/\/www.youtube.com\/watch?v=U5BPtZGG2V0&#8243;][\/vc_column][vc_column width=&#8221;1\/4&#8243;][vc_video link=&#8221;https:\/\/www.youtube.com\/watch?v=NtP8O-u-5ek&#8221;][\/vc_column][vc_column width=&#8221;1\/4&#8243;][vc_video link=&#8221;https:\/\/www.youtube.com\/watch?v=2yY2YgRvdw0&#8243;][\/vc_column][\/vc_row][vc_row][vc_column width=&#8221;1\/4&#8243;][vc_video link=&#8221;https:\/\/www.youtube.com\/watch?v=W906lDyVu2E&#8221;][\/vc_column][vc_column width=&#8221;1\/4&#8243;][vc_video link=&#8221;https:\/\/youtu.be\/bvuL7b8h75s&#8221;][\/vc_column][vc_column width=&#8221;1\/4&#8243;][vc_video link=&#8221;https:\/\/youtu.be\/9Ndi3yL_SoI&#8221;][\/vc_column][vc_column width=&#8221;1\/4&#8243;][vc_video link=&#8221;https:\/\/youtu.be\/lImy-7Wiem0&#8243;][\/vc_column][\/vc_row][vc_row][vc_column width=&#8221;1\/4&#8243;][vc_video link=&#8221;https:\/\/youtu.be\/TIYXL9sw20M&#8221;][\/vc_column][vc_column width=&#8221;1\/4&#8243;][vc_video link=&#8221;https:\/\/youtu.be\/iPCvNz_jqsk&#8221;][\/vc_column][vc_column width=&#8221;1\/4&#8243;][vc_video link=&#8221;https:\/\/youtu.be\/BMEZc5dvYmw&#8221;][\/vc_column][vc_column width=&#8221;1\/4&#8243;][vc_video link=&#8221;https:\/\/youtu.be\/rjYe37A1oO0&#8243;][\/vc_column][\/vc_row][vc_row][vc_column width=&#8221;1\/4&#8243;][vc_video link=&#8221;https:\/\/youtu.be\/h-kbfHdn0qA&#8221;][\/vc_column][vc_column width=&#8221;1\/4&#8243;][vc_video link=&#8221;https:\/\/www.youtube.com\/watch?v=8PDINzWxDWM&#8221;][\/vc_column][vc_column width=&#8221;1\/4&#8243;][vc_video link=&#8221;https:\/\/www.youtube.com\/watch?v=Vm9qVnBCW_4&#8243;][\/vc_column][vc_column width=&#8221;1\/4&#8243;][vc_video link=&#8221;https:\/\/www.youtube.com\/watch?v=MtQ_HEovMU0&#8243;][\/vc_column][\/vc_row][vc_row][vc_column width=&#8221;1\/4&#8243;][vc_video link=&#8221;https:\/\/www.youtube.com\/watch?v=ZDDf_7gJAY8&#8243;][\/vc_column][vc_column width=&#8221;1\/4&#8243;][vc_video link=&#8221;https:\/\/www.youtube.com\/watch?v=PstRQax33K4&#8243;][\/vc_column][vc_column width=&#8221;1\/4&#8243;][vc_video link=&#8221;https:\/\/www.youtube.com\/watch?v=lt-0_WgCBLU&#8221;][\/vc_column][vc_column width=&#8221;1\/4&#8243;][vc_video link=&#8221;https:\/\/www.youtube.com\/watch?v=4A0Ot0ijWqc&#8221;][\/vc_column][\/vc_row][vc_row][vc_column width=&#8221;1\/4&#8243;][vc_video link=&#8221;https:\/\/www.youtube.com\/watch?v=HtNKYbhBptw&#8221;][\/vc_column][\/vc_row]<\/p>\n","protected":false},"excerpt":{"rendered":"<p>[vc_row css=&#8221;.vc_custom_1576092427430{margin-top: 2em !important;}&#8221;][vc_column][vc_column_text] Ver todos los v\u00eddeos\u00a0en el canal de Youtube Clic Aqu\u00ed [\/vc_column_text][\/vc_column][\/vc_row][vc_row][vc_column width=&#8221;1\/4&#8243;][vc_video link=&#8221;https:\/\/www.youtube.com\/watch?v=Mci0I0pQHKU&#8221;][\/vc_column][vc_column width=&#8221;1\/4&#8243;][vc_video link=&#8221;https:\/\/www.youtube.com\/watch?v=U5BPtZGG2V0&#8243;][\/vc_column][vc_column width=&#8221;1\/4&#8243;][vc_video link=&#8221;https:\/\/www.youtube.com\/watch?v=NtP8O-u-5ek&#8221;][\/vc_column][vc_column width=&#8221;1\/4&#8243;][vc_video link=&#8221;https:\/\/www.youtube.com\/watch?v=2yY2YgRvdw0&#8243;][\/vc_column][\/vc_row][vc_row][vc_column width=&#8221;1\/4&#8243;][vc_video link=&#8221;https:\/\/www.youtube.com\/watch?v=W906lDyVu2E&#8221;][\/vc_column][vc_column width=&#8221;1\/4&#8243;][vc_video link=&#8221;https:\/\/youtu.be\/bvuL7b8h75s&#8221;][\/vc_column][vc_column width=&#8221;1\/4&#8243;][vc_video link=&#8221;https:\/\/youtu.be\/9Ndi3yL_SoI&#8221;][\/vc_column][vc_column width=&#8221;1\/4&#8243;][vc_video link=&#8221;https:\/\/youtu.be\/lImy-7Wiem0&#8243;][\/vc_column][\/vc_row][vc_row][vc_column width=&#8221;1\/4&#8243;][vc_video link=&#8221;https:\/\/youtu.be\/TIYXL9sw20M&#8221;][\/vc_column][vc_column width=&#8221;1\/4&#8243;][vc_video link=&#8221;https:\/\/youtu.be\/iPCvNz_jqsk&#8221;][\/vc_column][vc_column width=&#8221;1\/4&#8243;][vc_video link=&#8221;https:\/\/youtu.be\/BMEZc5dvYmw&#8221;][\/vc_column][vc_column width=&#8221;1\/4&#8243;][vc_video link=&#8221;https:\/\/youtu.be\/rjYe37A1oO0&#8243;][\/vc_column][\/vc_row][vc_row][vc_column width=&#8221;1\/4&#8243;][vc_video link=&#8221;https:\/\/youtu.be\/h-kbfHdn0qA&#8221;][\/vc_column][vc_column width=&#8221;1\/4&#8243;][vc_video link=&#8221;https:\/\/www.youtube.com\/watch?v=8PDINzWxDWM&#8221;][\/vc_column][vc_column width=&#8221;1\/4&#8243;][vc_video link=&#8221;https:\/\/www.youtube.com\/watch?v=Vm9qVnBCW_4&#8243;][\/vc_column][vc_column width=&#8221;1\/4&#8243;][vc_video link=&#8221;https:\/\/www.youtube.com\/watch?v=MtQ_HEovMU0&#8243;][\/vc_column][\/vc_row][vc_row][vc_column width=&#8221;1\/4&#8243;][vc_video link=&#8221;https:\/\/www.youtube.com\/watch?v=ZDDf_7gJAY8&#8243;][\/vc_column][vc_column width=&#8221;1\/4&#8243;][vc_video link=&#8221;https:\/\/www.youtube.com\/watch?v=PstRQax33K4&#8243;][\/vc_column][vc_column width=&#8221;1\/4&#8243;][vc_video link=&#8221;https:\/\/www.youtube.com\/watch?v=lt-0_WgCBLU&#8221;][\/vc_column][vc_column width=&#8221;1\/4&#8243;][vc_video link=&#8221;https:\/\/www.youtube.com\/watch?v=4A0Ot0ijWqc&#8221;][\/vc_column][\/vc_row][vc_row][vc_column [&hellip;]<\/p>\n","protected":false},"author":1,"featured_media":0,"parent":580,"menu_order":0,"comment_status":"closed","ping_status":"closed","template":"","meta":{"footnotes":""},"class_list":["post-2875","page","type-page","status-publish","hentry"],"acf":[],"yoast_head":"<!-- This site is optimized with the Yoast SEO Premium plugin v20.8 (Yoast SEO v20.8) - https:\/\/yoast.com\/wordpress\/plugins\/seo\/ -->\n<title>Videos - Foundation Alvaralice<\/title>\n<meta name=\"robots\" content=\"index, follow, max-snippet:-1, max-image-preview:large, max-video-preview:-1\" \/>\n<link rel=\"canonical\" href=\"https:\/\/alvaralice.org\/en\/multimedia\/videos-alvaralice\/\" \/>\n<meta property=\"og:locale\" content=\"en_US\" \/>\n<meta property=\"og:type\" content=\"article\" \/>\n<meta property=\"og:title\" content=\"Videos\" \/>\n<meta property=\"og:description\" content=\"[vc_row css=&#8221;.vc_custom_1576092427430{margin-top: 2em !important;}&#8221;][vc_column][vc_column_text] Ver todos los v\u00eddeos\u00a0en el canal de Youtube Clic Aqu\u00ed [\/vc_column_text][\/vc_column][\/vc_row][vc_row][vc_column width=&#8221;1\/4&#8243;][vc_video link=&#8221;https:\/\/www.youtube.com\/watch?v=Mci0I0pQHKU&#8221;][\/vc_column][vc_column width=&#8221;1\/4&#8243;][vc_video link=&#8221;https:\/\/www.youtube.com\/watch?v=U5BPtZGG2V0&#8243;][\/vc_column][vc_column width=&#8221;1\/4&#8243;][vc_video link=&#8221;https:\/\/www.youtube.com\/watch?v=NtP8O-u-5ek&#8221;][\/vc_column][vc_column width=&#8221;1\/4&#8243;][vc_video link=&#8221;https:\/\/www.youtube.com\/watch?v=2yY2YgRvdw0&#8243;][\/vc_column][\/vc_row][vc_row][vc_column width=&#8221;1\/4&#8243;][vc_video link=&#8221;https:\/\/www.youtube.com\/watch?v=W906lDyVu2E&#8221;][\/vc_column][vc_column width=&#8221;1\/4&#8243;][vc_video link=&#8221;https:\/\/youtu.be\/bvuL7b8h75s&#8221;][\/vc_column][vc_column width=&#8221;1\/4&#8243;][vc_video link=&#8221;https:\/\/youtu.be\/9Ndi3yL_SoI&#8221;][\/vc_column][vc_column width=&#8221;1\/4&#8243;][vc_video link=&#8221;https:\/\/youtu.be\/lImy-7Wiem0&#8243;][\/vc_column][\/vc_row][vc_row][vc_column width=&#8221;1\/4&#8243;][vc_video link=&#8221;https:\/\/youtu.be\/TIYXL9sw20M&#8221;][\/vc_column][vc_column width=&#8221;1\/4&#8243;][vc_video link=&#8221;https:\/\/youtu.be\/iPCvNz_jqsk&#8221;][\/vc_column][vc_column width=&#8221;1\/4&#8243;][vc_video link=&#8221;https:\/\/youtu.be\/BMEZc5dvYmw&#8221;][\/vc_column][vc_column width=&#8221;1\/4&#8243;][vc_video link=&#8221;https:\/\/youtu.be\/rjYe37A1oO0&#8243;][\/vc_column][\/vc_row][vc_row][vc_column width=&#8221;1\/4&#8243;][vc_video link=&#8221;https:\/\/youtu.be\/h-kbfHdn0qA&#8221;][\/vc_column][vc_column width=&#8221;1\/4&#8243;][vc_video link=&#8221;https:\/\/www.youtube.com\/watch?v=8PDINzWxDWM&#8221;][\/vc_column][vc_column width=&#8221;1\/4&#8243;][vc_video link=&#8221;https:\/\/www.youtube.com\/watch?v=Vm9qVnBCW_4&#8243;][\/vc_column][vc_column width=&#8221;1\/4&#8243;][vc_video link=&#8221;https:\/\/www.youtube.com\/watch?v=MtQ_HEovMU0&#8243;][\/vc_column][\/vc_row][vc_row][vc_column width=&#8221;1\/4&#8243;][vc_video link=&#8221;https:\/\/www.youtube.com\/watch?v=ZDDf_7gJAY8&#8243;][\/vc_column][vc_column width=&#8221;1\/4&#8243;][vc_video link=&#8221;https:\/\/www.youtube.com\/watch?v=PstRQax33K4&#8243;][\/vc_column][vc_column width=&#8221;1\/4&#8243;][vc_video link=&#8221;https:\/\/www.youtube.com\/watch?v=lt-0_WgCBLU&#8221;][\/vc_column][vc_column width=&#8221;1\/4&#8243;][vc_video link=&#8221;https:\/\/www.youtube.com\/watch?v=4A0Ot0ijWqc&#8221;][\/vc_column][\/vc_row][vc_row][vc_column [&hellip;]\" \/>\n<meta property=\"og:url\" content=\"https:\/\/alvaralice.org\/en\/multimedia\/videos-alvaralice\/\" \/>\n<meta property=\"og:site_name\" content=\"Foundation Alvaralice\" \/>\n<meta property=\"article:modified_time\" content=\"2020-02-13T21:23:51+00:00\" \/>\n<meta name=\"twitter:card\" content=\"summary_large_image\" \/>\n<meta name=\"twitter:label1\" content=\"Est. reading time\" \/>\n\t<meta name=\"twitter:data1\" content=\"2 minutes\" \/>\n<script type=\"application\/ld+json\" class=\"yoast-schema-graph\">{\"@context\":\"https:\/\/schema.org\",\"@graph\":[{\"@type\":\"WebPage\",\"@id\":\"https:\/\/alvaralice.org\/en\/multimedia\/videos-alvaralice\/\",\"url\":\"https:\/\/alvaralice.org\/en\/multimedia\/videos-alvaralice\/\",\"name\":\"Videos - Foundation Alvaralice\",\"isPartOf\":{\"@id\":\"https:\/\/alvaralice.org\/en\/#website\"},\"datePublished\":\"2020-02-06T12:37:31+00:00\",\"dateModified\":\"2020-02-13T21:23:51+00:00\",\"breadcrumb\":{\"@id\":\"https:\/\/alvaralice.org\/en\/multimedia\/videos-alvaralice\/#breadcrumb\"},\"inLanguage\":\"en-US\",\"potentialAction\":[{\"@type\":\"ReadAction\",\"target\":[\"https:\/\/alvaralice.org\/en\/multimedia\/videos-alvaralice\/\"]}]},{\"@type\":\"BreadcrumbList\",\"@id\":\"https:\/\/alvaralice.org\/en\/multimedia\/videos-alvaralice\/#breadcrumb\",\"itemListElement\":[{\"@type\":\"ListItem\",\"position\":1,\"name\":\"Home\",\"item\":\"https:\/\/alvaralice.org\/en\/\"},{\"@type\":\"ListItem\",\"position\":2,\"name\":\"Multimedia\",\"item\":\"https:\/\/alvaralice.org\/en\/multimedia\/\"},{\"@type\":\"ListItem\",\"position\":3,\"name\":\"Videos\"}]},{\"@type\":\"WebSite\",\"@id\":\"https:\/\/alvaralice.org\/en\/#website\",\"url\":\"https:\/\/alvaralice.org\/en\/\",\"name\":\"Foundation Alvaralice\",\"description\":\"La Fundaci\u00f3n Alvaralice es una entidad de car\u00e1cter privado, sin \u00e1nimo de lucro, creada en el 2003 en Cali\",\"potentialAction\":[{\"@type\":\"SearchAction\",\"target\":{\"@type\":\"EntryPoint\",\"urlTemplate\":\"https:\/\/alvaralice.org\/en\/?s={search_term_string}\"},\"query-input\":\"required name=search_term_string\"}],\"inLanguage\":\"en-US\"}]}<\/script>\n<!-- \/ Yoast SEO Premium plugin. -->","yoast_head_json":{"title":"Videos - Foundation Alvaralice","robots":{"index":"index","follow":"follow","max-snippet":"max-snippet:-1","max-image-preview":"max-image-preview:large","max-video-preview":"max-video-preview:-1"},"canonical":"https:\/\/alvaralice.org\/en\/multimedia\/videos-alvaralice\/","og_locale":"en_US","og_type":"article","og_title":"Videos","og_description":"[vc_row css=&#8221;.vc_custom_1576092427430{margin-top: 2em !important;}&#8221;][vc_column][vc_column_text] Ver todos los v\u00eddeos\u00a0en el canal de Youtube Clic Aqu\u00ed [\/vc_column_text][\/vc_column][\/vc_row][vc_row][vc_column width=&#8221;1\/4&#8243;][vc_video link=&#8221;https:\/\/www.youtube.com\/watch?v=Mci0I0pQHKU&#8221;][\/vc_column][vc_column width=&#8221;1\/4&#8243;][vc_video link=&#8221;https:\/\/www.youtube.com\/watch?v=U5BPtZGG2V0&#8243;][\/vc_column][vc_column width=&#8221;1\/4&#8243;][vc_video link=&#8221;https:\/\/www.youtube.com\/watch?v=NtP8O-u-5ek&#8221;][\/vc_column][vc_column width=&#8221;1\/4&#8243;][vc_video link=&#8221;https:\/\/www.youtube.com\/watch?v=2yY2YgRvdw0&#8243;][\/vc_column][\/vc_row][vc_row][vc_column width=&#8221;1\/4&#8243;][vc_video link=&#8221;https:\/\/www.youtube.com\/watch?v=W906lDyVu2E&#8221;][\/vc_column][vc_column width=&#8221;1\/4&#8243;][vc_video link=&#8221;https:\/\/youtu.be\/bvuL7b8h75s&#8221;][\/vc_column][vc_column width=&#8221;1\/4&#8243;][vc_video link=&#8221;https:\/\/youtu.be\/9Ndi3yL_SoI&#8221;][\/vc_column][vc_column width=&#8221;1\/4&#8243;][vc_video link=&#8221;https:\/\/youtu.be\/lImy-7Wiem0&#8243;][\/vc_column][\/vc_row][vc_row][vc_column width=&#8221;1\/4&#8243;][vc_video link=&#8221;https:\/\/youtu.be\/TIYXL9sw20M&#8221;][\/vc_column][vc_column width=&#8221;1\/4&#8243;][vc_video link=&#8221;https:\/\/youtu.be\/iPCvNz_jqsk&#8221;][\/vc_column][vc_column width=&#8221;1\/4&#8243;][vc_video link=&#8221;https:\/\/youtu.be\/BMEZc5dvYmw&#8221;][\/vc_column][vc_column width=&#8221;1\/4&#8243;][vc_video link=&#8221;https:\/\/youtu.be\/rjYe37A1oO0&#8243;][\/vc_column][\/vc_row][vc_row][vc_column width=&#8221;1\/4&#8243;][vc_video link=&#8221;https:\/\/youtu.be\/h-kbfHdn0qA&#8221;][\/vc_column][vc_column width=&#8221;1\/4&#8243;][vc_video link=&#8221;https:\/\/www.youtube.com\/watch?v=8PDINzWxDWM&#8221;][\/vc_column][vc_column width=&#8221;1\/4&#8243;][vc_video link=&#8221;https:\/\/www.youtube.com\/watch?v=Vm9qVnBCW_4&#8243;][\/vc_column][vc_column width=&#8221;1\/4&#8243;][vc_video link=&#8221;https:\/\/www.youtube.com\/watch?v=MtQ_HEovMU0&#8243;][\/vc_column][\/vc_row][vc_row][vc_column width=&#8221;1\/4&#8243;][vc_video link=&#8221;https:\/\/www.youtube.com\/watch?v=ZDDf_7gJAY8&#8243;][\/vc_column][vc_column width=&#8221;1\/4&#8243;][vc_video link=&#8221;https:\/\/www.youtube.com\/watch?v=PstRQax33K4&#8243;][\/vc_column][vc_column width=&#8221;1\/4&#8243;][vc_video link=&#8221;https:\/\/www.youtube.com\/watch?v=lt-0_WgCBLU&#8221;][\/vc_column][vc_column width=&#8221;1\/4&#8243;][vc_video link=&#8221;https:\/\/www.youtube.com\/watch?v=4A0Ot0ijWqc&#8221;][\/vc_column][\/vc_row][vc_row][vc_column [&hellip;]","og_url":"https:\/\/alvaralice.org\/en\/multimedia\/videos-alvaralice\/","og_site_name":"Foundation Alvaralice","article_modified_time":"2020-02-13T21:23:51+00:00","twitter_card":"summary_large_image","twitter_misc":{"Est. reading time":"2 minutes"},"schema":{"@context":"https:\/\/schema.org","@graph":[{"@type":"WebPage","@id":"https:\/\/alvaralice.org\/en\/multimedia\/videos-alvaralice\/","url":"https:\/\/alvaralice.org\/en\/multimedia\/videos-alvaralice\/","name":"Videos - Foundation Alvaralice","isPartOf":{"@id":"https:\/\/alvaralice.org\/en\/#website"},"datePublished":"2020-02-06T12:37:31+00:00","dateModified":"2020-02-13T21:23:51+00:00","breadcrumb":{"@id":"https:\/\/alvaralice.org\/en\/multimedia\/videos-alvaralice\/#breadcrumb"},"inLanguage":"en-US","potentialAction":[{"@type":"ReadAction","target":["https:\/\/alvaralice.org\/en\/multimedia\/videos-alvaralice\/"]}]},{"@type":"BreadcrumbList","@id":"https:\/\/alvaralice.org\/en\/multimedia\/videos-alvaralice\/#breadcrumb","itemListElement":[{"@type":"ListItem","position":1,"name":"Home","item":"https:\/\/alvaralice.org\/en\/"},{"@type":"ListItem","position":2,"name":"Multimedia","item":"https:\/\/alvaralice.org\/en\/multimedia\/"},{"@type":"ListItem","position":3,"name":"Videos"}]},{"@type":"WebSite","@id":"https:\/\/alvaralice.org\/en\/#website","url":"https:\/\/alvaralice.org\/en\/","name":"Foundation Alvaralice","description":"La Fundaci\u00f3n Alvaralice es una entidad de car\u00e1cter privado, sin \u00e1nimo de lucro, creada en el 2003 en Cali","potentialAction":[{"@type":"SearchAction","target":{"@type":"EntryPoint","urlTemplate":"https:\/\/alvaralice.org\/en\/?s={search_term_string}"},"query-input":"required name=search_term_string"}],"inLanguage":"en-US"}]}},"_links":{"self":[{"href":"https:\/\/alvaralice.org\/en\/wp-json\/wp\/v2\/pages\/2875","targetHints":{"allow":["GET"]}}],"collection":[{"href":"https:\/\/alvaralice.org\/en\/wp-json\/wp\/v2\/pages"}],"about":[{"href":"https:\/\/alvaralice.org\/en\/wp-json\/wp\/v2\/types\/page"}],"author":[{"embeddable":true,"href":"https:\/\/alvaralice.org\/en\/wp-json\/wp\/v2\/users\/1"}],"replies":[{"embeddable":true,"href":"https:\/\/alvaralice.org\/en\/wp-json\/wp\/v2\/comments?post=2875"}],"version-history":[{"count":13,"href":"https:\/\/alvaralice.org\/en\/wp-json\/wp\/v2\/pages\/2875\/revisions"}],"predecessor-version":[{"id":2922,"href":"https:\/\/alvaralice.org\/en\/wp-json\/wp\/v2\/pages\/2875\/revisions\/2922"}],"up":[{"embeddable":true,"href":"https:\/\/alvaralice.org\/en\/wp-json\/wp\/v2\/pages\/580"}],"wp:attachment":[{"href":"https:\/\/alvaralice.org\/en\/wp-json\/wp\/v2\/media?parent=2875"}],"curies":[{"name":"wp","href":"https:\/\/api.w.org\/{rel}","templated":true}]}}