{"id":7,"date":"2016-06-23T15:40:29","date_gmt":"2016-06-23T15:40:29","guid":{"rendered":"http:\/\/www.mindsas.com\/alvaralice-wp\/?page_id=7"},"modified":"2016-07-18T20:25:53","modified_gmt":"2016-07-18T20:25:53","slug":"the-foundation","status":"publish","type":"page","link":"https:\/\/alvaralice.org\/en\/the-foundation\/","title":{"rendered":"The foundation"},"content":{"rendered":"<h2>Quienes Somos<\/h2>\n<p>La Fundaci\u00f3n Alvaralice es una entidad de car\u00e1cter privado, sin \u00e1nimo de lucro, creada en el 2003 en Cali, Colombia por los hermanos Mar\u00eda Eugenia Garc\u00e9s Echavarr\u00eda, Enrique Garc\u00e9s Echavarr\u00eda, Elena Garc\u00e9s Echavarr\u00eda y Emma Garc\u00e9s Echavarr\u00eda en homenaje al esp\u00edritu c\u00edvico y filantr\u00f3pico de sus padres \u00c1lvaro Garc\u00e9s Giraldo y Alice Echavarr\u00eda Ol\u00f3zaga.<\/p>\n<p>Mediante la articulaci\u00f3n de actores, la dinamizaci\u00f3n de estrategias sociales innovadores y la consolidaci\u00f3n de alianzas estrat\u00e9gicas que promueven el desarrollo sostenible de las comunidades y las condiciones sociales y econ\u00f3micas necesarias para la construcci\u00f3n de un pa\u00eds en paz, est\u00e1 comprometida a contribuir en la consolidaci\u00f3n de una sociedad colombiana m\u00e1s incluyente y pac\u00edfica.<\/p>\n<p>Desde su creaci\u00f3n, la Fundaci\u00f3n Alvaralice se ha destacado por desarrollar un modelo de alianzas p\u00fablico privadas que ha logrado movilizar recursos de los sectores p\u00fablico, privado y de cooperaci\u00f3n internacional para apoyar y dinamizar proyectos de impacto regional y nacional\u00a0orientados a mejorar las condiciones de vida de las comunidades. La manera como la Fundaci\u00f3n suma experiencias y convoca instituciones nacionales e internacionales para respaldar dichos proyectos, ha sido clave en el logro de resultados, en el impacto de los programas y la incidencia en la pol\u00edtica p\u00fablica nacional.<\/p>\n","protected":false},"excerpt":{"rendered":"<p>Quienes Somos La Fundaci\u00f3n Alvaralice es una entidad de car\u00e1cter privado, sin \u00e1nimo de lucro, creada en el 2003 en Cali, Colombia por los hermanos Mar\u00eda Eugenia Garc\u00e9s Echavarr\u00eda, Enrique Garc\u00e9s Echavarr\u00eda, Elena Garc\u00e9s Echavarr\u00eda y Emma Garc\u00e9s Echavarr\u00eda en homenaje al esp\u00edritu c\u00edvico y filantr\u00f3pico de sus padres \u00c1lvaro Garc\u00e9s Giraldo y Alice Echavarr\u00eda [&hellip;]<\/p>\n","protected":false},"author":1,"featured_media":0,"parent":0,"menu_order":0,"comment_status":"closed","ping_status":"closed","template":"","meta":{"footnotes":""},"class_list":["post-7","page","type-page","status-publish","hentry"],"acf":[],"yoast_head":"<!-- This site is optimized with the Yoast SEO Premium plugin v20.8 (Yoast SEO v20.8) - https:\/\/yoast.com\/wordpress\/plugins\/seo\/ -->\n<title>The foundation - Foundation Alvaralice<\/title>\n<meta name=\"robots\" content=\"index, follow, max-snippet:-1, max-image-preview:large, max-video-preview:-1\" \/>\n<link rel=\"canonical\" href=\"https:\/\/alvaralice.org\/en\/the-foundation\/\" \/>\n<meta property=\"og:locale\" content=\"en_US\" \/>\n<meta property=\"og:type\" content=\"article\" \/>\n<meta property=\"og:title\" content=\"The foundation\" \/>\n<meta property=\"og:description\" content=\"Quienes Somos La Fundaci\u00f3n Alvaralice es una entidad de car\u00e1cter privado, sin \u00e1nimo de lucro, creada en el 2003 en Cali, Colombia por los hermanos Mar\u00eda Eugenia Garc\u00e9s Echavarr\u00eda, Enrique Garc\u00e9s Echavarr\u00eda, Elena Garc\u00e9s Echavarr\u00eda y Emma Garc\u00e9s Echavarr\u00eda en homenaje al esp\u00edritu c\u00edvico y filantr\u00f3pico de sus padres \u00c1lvaro Garc\u00e9s Giraldo y Alice Echavarr\u00eda [&hellip;]\" \/>\n<meta property=\"og:url\" content=\"https:\/\/alvaralice.org\/en\/the-foundation\/\" \/>\n<meta property=\"og:site_name\" content=\"Foundation Alvaralice\" \/>\n<meta property=\"article:modified_time\" content=\"2016-07-18T20:25:53+00:00\" \/>\n<meta name=\"twitter:card\" content=\"summary_large_image\" \/>\n<meta name=\"twitter:label1\" content=\"Est. reading time\" \/>\n\t<meta name=\"twitter:data1\" content=\"1 minute\" \/>\n<script type=\"application\/ld+json\" class=\"yoast-schema-graph\">{\"@context\":\"https:\/\/schema.org\",\"@graph\":[{\"@type\":\"WebPage\",\"@id\":\"https:\/\/alvaralice.org\/en\/the-foundation\/\",\"url\":\"https:\/\/alvaralice.org\/en\/the-foundation\/\",\"name\":\"The foundation - Foundation Alvaralice\",\"isPartOf\":{\"@id\":\"https:\/\/alvaralice.org\/en\/#website\"},\"datePublished\":\"2016-06-23T15:40:29+00:00\",\"dateModified\":\"2016-07-18T20:25:53+00:00\",\"breadcrumb\":{\"@id\":\"https:\/\/alvaralice.org\/en\/the-foundation\/#breadcrumb\"},\"inLanguage\":\"en-US\",\"potentialAction\":[{\"@type\":\"ReadAction\",\"target\":[\"https:\/\/alvaralice.org\/en\/the-foundation\/\"]}]},{\"@type\":\"BreadcrumbList\",\"@id\":\"https:\/\/alvaralice.org\/en\/the-foundation\/#breadcrumb\",\"itemListElement\":[{\"@type\":\"ListItem\",\"position\":1,\"name\":\"Home\",\"item\":\"https:\/\/alvaralice.org\/en\/\"},{\"@type\":\"ListItem\",\"position\":2,\"name\":\"The foundation\"}]},{\"@type\":\"WebSite\",\"@id\":\"https:\/\/alvaralice.org\/en\/#website\",\"url\":\"https:\/\/alvaralice.org\/en\/\",\"name\":\"Foundation Alvaralice\",\"description\":\"La Fundaci\u00f3n Alvaralice es una entidad de car\u00e1cter privado, sin \u00e1nimo de lucro, creada en el 2003 en Cali\",\"potentialAction\":[{\"@type\":\"SearchAction\",\"target\":{\"@type\":\"EntryPoint\",\"urlTemplate\":\"https:\/\/alvaralice.org\/en\/?s={search_term_string}\"},\"query-input\":\"required name=search_term_string\"}],\"inLanguage\":\"en-US\"}]}<\/script>\n<!-- \/ Yoast SEO Premium plugin. -->","yoast_head_json":{"title":"The foundation - Foundation Alvaralice","robots":{"index":"index","follow":"follow","max-snippet":"max-snippet:-1","max-image-preview":"max-image-preview:large","max-video-preview":"max-video-preview:-1"},"canonical":"https:\/\/alvaralice.org\/en\/the-foundation\/","og_locale":"en_US","og_type":"article","og_title":"The foundation","og_description":"Quienes Somos La Fundaci\u00f3n Alvaralice es una entidad de car\u00e1cter privado, sin \u00e1nimo de lucro, creada en el 2003 en Cali, Colombia por los hermanos Mar\u00eda Eugenia Garc\u00e9s Echavarr\u00eda, Enrique Garc\u00e9s Echavarr\u00eda, Elena Garc\u00e9s Echavarr\u00eda y Emma Garc\u00e9s Echavarr\u00eda en homenaje al esp\u00edritu c\u00edvico y filantr\u00f3pico de sus padres \u00c1lvaro Garc\u00e9s Giraldo y Alice Echavarr\u00eda [&hellip;]","og_url":"https:\/\/alvaralice.org\/en\/the-foundation\/","og_site_name":"Foundation Alvaralice","article_modified_time":"2016-07-18T20:25:53+00:00","twitter_card":"summary_large_image","twitter_misc":{"Est. reading time":"1 minute"},"schema":{"@context":"https:\/\/schema.org","@graph":[{"@type":"WebPage","@id":"https:\/\/alvaralice.org\/en\/the-foundation\/","url":"https:\/\/alvaralice.org\/en\/the-foundation\/","name":"The foundation - Foundation Alvaralice","isPartOf":{"@id":"https:\/\/alvaralice.org\/en\/#website"},"datePublished":"2016-06-23T15:40:29+00:00","dateModified":"2016-07-18T20:25:53+00:00","breadcrumb":{"@id":"https:\/\/alvaralice.org\/en\/the-foundation\/#breadcrumb"},"inLanguage":"en-US","potentialAction":[{"@type":"ReadAction","target":["https:\/\/alvaralice.org\/en\/the-foundation\/"]}]},{"@type":"BreadcrumbList","@id":"https:\/\/alvaralice.org\/en\/the-foundation\/#breadcrumb","itemListElement":[{"@type":"ListItem","position":1,"name":"Home","item":"https:\/\/alvaralice.org\/en\/"},{"@type":"ListItem","position":2,"name":"The foundation"}]},{"@type":"WebSite","@id":"https:\/\/alvaralice.org\/en\/#website","url":"https:\/\/alvaralice.org\/en\/","name":"Foundation Alvaralice","description":"La Fundaci\u00f3n Alvaralice es una entidad de car\u00e1cter privado, sin \u00e1nimo de lucro, creada en el 2003 en Cali","potentialAction":[{"@type":"SearchAction","target":{"@type":"EntryPoint","urlTemplate":"https:\/\/alvaralice.org\/en\/?s={search_term_string}"},"query-input":"required name=search_term_string"}],"inLanguage":"en-US"}]}},"_links":{"self":[{"href":"https:\/\/alvaralice.org\/en\/wp-json\/wp\/v2\/pages\/7","targetHints":{"allow":["GET"]}}],"collection":[{"href":"https:\/\/alvaralice.org\/en\/wp-json\/wp\/v2\/pages"}],"about":[{"href":"https:\/\/alvaralice.org\/en\/wp-json\/wp\/v2\/types\/page"}],"author":[{"embeddable":true,"href":"https:\/\/alvaralice.org\/en\/wp-json\/wp\/v2\/users\/1"}],"replies":[{"embeddable":true,"href":"https:\/\/alvaralice.org\/en\/wp-json\/wp\/v2\/comments?post=7"}],"version-history":[{"count":4,"href":"https:\/\/alvaralice.org\/en\/wp-json\/wp\/v2\/pages\/7\/revisions"}],"predecessor-version":[{"id":1344,"href":"https:\/\/alvaralice.org\/en\/wp-json\/wp\/v2\/pages\/7\/revisions\/1344"}],"wp:attachment":[{"href":"https:\/\/alvaralice.org\/en\/wp-json\/wp\/v2\/media?parent=7"}],"curies":[{"name":"wp","href":"https:\/\/api.w.org\/{rel}","templated":true}]}}